{"id":4396,"date":"2019-07-09T18:36:44","date_gmt":"2019-07-09T18:36:44","guid":{"rendered":"http:\/\/visit-meknes.com\/fr\/?page_id=4396"},"modified":"2019-12-31T01:24:52","modified_gmt":"2019-12-31T01:24:52","slug":"visite-de-la-medina-et-la-ville-imperiale","status":"publish","type":"page","link":"https:\/\/visit-meknes.com\/fr\/visite-de-la-medina-et-la-ville-imperiale\/","title":{"rendered":"Visite de la M\u00e9dina et la Cit\u00e9 Imp\u00e9riale"},"content":{"rendered":"","protected":false},"excerpt":{"rendered":"","protected":false},"author":1,"featured_media":0,"parent":0,"menu_order":0,"comment_status":"closed","ping_status":"closed","template":"","meta":{"footnotes":""},"_links":{"self":[{"href":"https:\/\/visit-meknes.com\/fr\/wp-json\/wp\/v2\/pages\/4396"}],"collection":[{"href":"https:\/\/visit-meknes.com\/fr\/wp-json\/wp\/v2\/pages"}],"about":[{"href":"https:\/\/visit-meknes.com\/fr\/wp-json\/wp\/v2\/types\/page"}],"author":[{"embeddable":true,"href":"https:\/\/visit-meknes.com\/fr\/wp-json\/wp\/v2\/users\/1"}],"replies":[{"embeddable":true,"href":"https:\/\/visit-meknes.com\/fr\/wp-json\/wp\/v2\/comments?post=4396"}],"version-history":[{"count":5,"href":"https:\/\/visit-meknes.com\/fr\/wp-json\/wp\/v2\/pages\/4396\/revisions"}],"predecessor-version":[{"id":5991,"href":"https:\/\/visit-meknes.com\/fr\/wp-json\/wp\/v2\/pages\/4396\/revisions\/5991"}],"wp:attachment":[{"href":"https:\/\/visit-meknes.com\/fr\/wp-json\/wp\/v2\/media?parent=4396"}],"curies":[{"name":"wp","href":"https:\/\/api.w.org\/{rel}","templated":true}]}}