{"id":3036,"date":"2019-04-08T21:22:39","date_gmt":"2019-04-08T21:22:39","guid":{"rendered":"https:\/\/visit-meknes.com\/?page_id=3036"},"modified":"2020-01-01T20:50:38","modified_gmt":"2020-01-01T20:50:38","slug":"privacy-policy","status":"publish","type":"page","link":"https:\/\/visit-meknes.com\/en\/privacy-policy\/","title":{"rendered":"Privacy policy"},"content":{"rendered":"<p>Cette politique de confidentialit\u00e9 r\u00e9git votre utilisation de l&#8217;application logicielle\u00a0<strong>VisitMekn\u00e8s<\/strong> App pour les appareils mobiles cr\u00e9\u00e9e par <strong>Precom<\/strong>.<\/p>\n<p><strong>Quelles informations l&#8217;application obtient-elle et comment sont-elles utilis\u00e9es?<\/strong><\/p>\n<p><strong>Information fournie par l&#8217;utilisateur<\/strong><\/p>\n<p>L&#8217;application obtient les informations que vous fournissez lorsque vous t\u00e9l\u00e9chargez et enregistrez l&#8217;application. L&#8217;inscription chez nous est facultative. Toutefois, gardez \u00e0 l&#8217;esprit que vous ne pourrez peut-\u00eatre pas utiliser certaines des fonctionnalit\u00e9s offertes par l&#8217;application \u00e0 moins de vous enregistrer aupr\u00e8s de nous.<\/p>\n<p>Lorsque vous vous inscrivez aupr\u00e8s de nous et utilisez l&#8217;application, vous fournissez g\u00e9n\u00e9ralement (a) votre nom, votre adresse \u00e9lectronique, votre \u00e2ge, votre nom d&#8217;utilisateur, votre mot de passe et d&#8217;autres informations d&#8217;inscription; (b) des informations relatives \u00e0 la transaction, telles que le moment o\u00f9 vous effectuez des achats, r\u00e9pondez \u00e0 une offre, t\u00e9l\u00e9chargez ou utilisez des applications de notre part; (c) les informations que vous nous fournissez lorsque vous nous contactez pour obtenir de l&#8217;aide; (d) les informations de carte de cr\u00e9dit pour l&#8217;achat et l&#8217;utilisation de l&#8217;application, et; (e) les informations que vous entrez dans notre syst\u00e8me lors de l&#8217;utilisation de l&#8217;application, telles que les informations de contact et les informations de gestion de projet.<\/p>\n<p>Nous pouvons \u00e9galement utiliser les informations que vous nous avez fournies pour vous contacter de temps en temps afin de vous fournir des informations importantes, des avis requis et des promotions marketing.<\/p>\n<p><strong>Informations collect\u00e9es automatiquement<\/strong><\/p>\n<p>En outre, l\u2019application peut collecter automatiquement certaines informations, notamment le type d\u2019appareil mobile que vous utilisez, l\u2019ID unique de votre appareil mobile, l\u2019adresse IP de votre appareil mobile, votre syst\u00e8me d\u2019exploitation mobile, le type de mobile. Les navigateurs Internet que vous utilisez et des informations sur la mani\u00e8re dont vous utilisez l&#8217;application.<\/p>\n<p>L&#8217;application collecte-t-elle des informations de localisation pr\u00e9cises en temps r\u00e9el de l&#8217;appareil?<br \/>\nLorsque vous visitez l&#8217;application mobile, nous pouvons utiliser la technologie GPS (ou une autre technologie similaire) pour d\u00e9terminer votre position actuelle, ainsi que pour d\u00e9terminer la ville dans laquelle vous vous trouvez et afficher une carte de localisation avec des publicit\u00e9s pertinentes. Nous ne partagerons pas votre position actuelle avec d&#8217;autres utilisateurs ou partenaires.<\/p>\n<p>Si vous ne souhaitez pas que nous utilisions votre position aux fins \u00e9nonc\u00e9es ci-dessus, vous devez d\u00e9sactiver les services de localisation pour l&#8217;application mobile situ\u00e9s dans les param\u00e8tres de votre compte ou dans les param\u00e8tres de votre t\u00e9l\u00e9phone mobile et \/ ou dans l&#8217;application mobile.<\/p>\n<p><strong>Est-ce que des tiers voient et \/ ou ont acc\u00e8s aux informations obtenues par l&#8217;application?<\/strong><\/p>\n<p>Oui. Nous partagerons vos informations avec des tiers uniquement de la mani\u00e8re d\u00e9crite dans cette d\u00e9claration de confidentialit\u00e9.<\/p>\n<p>Nous pouvons divulguer les informations fournies par l&#8217;utilisateur et recueillies automatiquement:<\/p>\n<p>&#8211; conform\u00e9ment \u00e0 la loi, par exemple pour se conformer \u00e0 une assignation \u00e0 compara\u00eetre ou \u00e0 une proc\u00e9dure judiciaire similaire;<\/p>\n<p>&#8211; Lorsque nous croyons de bonne foi que la divulgation est n\u00e9cessaire pour prot\u00e9ger nos droits, votre s\u00e9curit\u00e9 ou celle des autres, pour enqu\u00eater sur une fraude ou pour r\u00e9pondre \u00e0 une demande du gouvernement;<\/p>\n<p>&#8211; Avec nos fournisseurs de services de confiance qui travaillent pour notre compte, n&#8217;utilisez pas de mani\u00e8re ind\u00e9pendante les informations que nous leur divulguons et avez accept\u00e9 de vous conformer aux r\u00e8gles \u00e9nonc\u00e9es dans la pr\u00e9sente d\u00e9claration de confidentialit\u00e9.<\/p>\n<p>&#8211; Si\u00a0<strong>VisitMekn\u00e8s<\/strong> App est impliqu\u00e9 dans une fusion, une acquisition ou une vente de tout ou partie de ses actifs, vous serez averti par email et \/ ou par une notification apparente sur notre site Web de tout changement de propri\u00e9taire ou de l&#8217;utilisation de ces informations, ainsi que tous les choix que vous pourriez avoir concernant cette information.<\/p>\n<p><strong>Quels sont mes droits de d\u00e9sabonnement?<\/strong><\/p>\n<p>Vous pouvez facilement arr\u00eater toute collecte d&#8217;informations par l&#8217;application en la d\u00e9sinstallant. Vous pouvez utiliser les processus de d\u00e9sinstallation standard disponibles dans votre appareil mobile, via le march\u00e9 ou le r\u00e9seau d&#8217;applications mobiles. Vous pouvez \u00e9galement demander la d\u00e9sinscription par courrier \u00e9lectronique \u00e0 l&#8217;adresse contact@visit-meknes.com.<\/p>\n<p><strong>Politique de conservation des donn\u00e9es, gestion de vos informations<\/strong><\/p>\n<p>Nous conserverons les donn\u00e9es fournies par l&#8217;utilisateur aussi longtemps que vous utiliserez l&#8217;application et pendant un d\u00e9lai raisonnable par la suite. Nous conserverons les informations collect\u00e9es automatiquement pendant 24 mois au maximum, puis les stockerons globalement. Si vous souhaitez que nous supprimions les donn\u00e9es fournies par l\u2019utilisateur que vous avez fournies via l\u2019application, veuillez nous contacter \u00e0 hello@bpacking.info et nous vous r\u00e9pondrons dans un d\u00e9lai raisonnable. Veuillez noter que certaines ou toutes les donn\u00e9es fournies par l&#8217;utilisateur peuvent \u00eatre n\u00e9cessaires au bon fonctionnement de l&#8217;application.<\/p>\n<p><strong>S\u00e9curit\u00e9<\/strong><br \/>\nNous sommes soucieux de prot\u00e9ger la confidentialit\u00e9 de vos informations. Nous fournissons des garanties physiques, \u00e9lectroniques et proc\u00e9durales pour prot\u00e9ger les informations que nous traitons et conservons. Par exemple, nous limitons l&#8217;acc\u00e8s \u00e0 ces informations aux employ\u00e9s autoris\u00e9s et aux sous-traitants qui ont besoin de conna\u00eetre ces informations pour exploiter, d\u00e9velopper ou am\u00e9liorer notre application. Veuillez noter que, bien que nous nous efforcions d\u2019assurer une s\u00e9curit\u00e9 raisonnable des informations que nous traitons et conservons, aucun syst\u00e8me de s\u00e9curit\u00e9 ne peut emp\u00eacher toutes les violations de s\u00e9curit\u00e9 potentielles.<\/p>\n<p><strong>Changements<\/strong><\/p>\n<p>Cette politique de confidentialit\u00e9 peut \u00eatre mise \u00e0 jour de temps en temps pour une raison quelconque. Nous vous informerons de toute modification de notre politique de confidentialit\u00e9 en publiant ici la nouvelle politique de confidentialit\u00e9 et en vous informant par e-mail ou par SMS. Nous vous conseillons de consulter r\u00e9guli\u00e8rement cette politique de confidentialit\u00e9 pour tout changement, car son utilisation continue est r\u00e9put\u00e9e \u00eatre une approbation de tous les changements. Vous pouvez consulter l&#8217;historique de cette politique en cliquant ici.<\/p>\n<p><strong>Votre consentement<\/strong><\/p>\n<p>En utilisant l&#8217;Application, vous consentez au traitement de vos informations conform\u00e9ment \u00e0 la pr\u00e9sente Politique de confidentialit\u00e9 et modifi\u00e9 par nous. \u00abTraitement\u00bb signifie utiliser des cookies sur un ordinateur \/ un appareil portatif ou utiliser ou manipuler des informations de quelque mani\u00e8re que ce soit, y compris, sans toutefois s&#8217;y limiter, la collecte, le stockage, la suppression, l&#8217;utilisation, la combinaison et la divulgation d&#8217;informations, toutes les activit\u00e9s qui auront lieu Au 3 sites, si vous r\u00e9sidez hors du Mekn\u00e8s, vos informations y sont transf\u00e9r\u00e9es, trait\u00e9es et stock\u00e9es conform\u00e9ment aux normes de confidentialit\u00e9 du pays.<\/p>\n<p><strong>Contactez nous<\/strong><\/p>\n<p>Si vous avez des questions concernant la confidentialit\u00e9 lors de l&#8217;utilisation de l&#8217;application <strong>VisitMekn\u00e8s<\/strong> , ou si vous avez des questions sur nos pratiques, veuillez nous contacter par courrier \u00e9lectronique \u00e0 l&#8217;adresse contact@visit-meknes.com.<\/p>\n","protected":false},"excerpt":{"rendered":"<p>Cette politique de confidentialit\u00e9 r\u00e9git votre utilisation de l&#8217;application logicielle\u00a0VisitMekn\u00e8s App pour les appareils mobiles cr\u00e9\u00e9e par Precom. Quelles informations l&#8217;application obtient-elle et comment sont-elles utilis\u00e9es? Information fournie par l&#8217;utilisateur L&#8217;application obtient les informations que vous fournissez lorsque vous t\u00e9l\u00e9chargez et enregistrez l&#8217;application. L&#8217;inscription chez nous est facultative. Toutefois, gardez \u00e0 l&#8217;esprit que vous ne<\/p>\n","protected":false},"author":1,"featured_media":0,"parent":0,"menu_order":0,"comment_status":"closed","ping_status":"closed","template":"","meta":{"footnotes":""},"_links":{"self":[{"href":"https:\/\/visit-meknes.com\/en\/wp-json\/wp\/v2\/pages\/3036"}],"collection":[{"href":"https:\/\/visit-meknes.com\/en\/wp-json\/wp\/v2\/pages"}],"about":[{"href":"https:\/\/visit-meknes.com\/en\/wp-json\/wp\/v2\/types\/page"}],"author":[{"embeddable":true,"href":"https:\/\/visit-meknes.com\/en\/wp-json\/wp\/v2\/users\/1"}],"replies":[{"embeddable":true,"href":"https:\/\/visit-meknes.com\/en\/wp-json\/wp\/v2\/comments?post=3036"}],"version-history":[{"count":5,"href":"https:\/\/visit-meknes.com\/en\/wp-json\/wp\/v2\/pages\/3036\/revisions"}],"predecessor-version":[{"id":6071,"href":"https:\/\/visit-meknes.com\/en\/wp-json\/wp\/v2\/pages\/3036\/revisions\/6071"}],"wp:attachment":[{"href":"https:\/\/visit-meknes.com\/en\/wp-json\/wp\/v2\/media?parent=3036"}],"curies":[{"name":"wp","href":"https:\/\/api.w.org\/{rel}","templated":true}]}}